{"id":643,"date":"2024-09-20T17:23:01","date_gmt":"2024-09-20T17:23:01","guid":{"rendered":"https:\/\/promedicas.org.mx\/?page_id=643"},"modified":"2024-10-19T17:17:46","modified_gmt":"2024-10-19T17:17:46","slug":"reflexologia-podal-ciencia-o-mito-que-dice-la-evidencia","status":"publish","type":"page","link":"https:\/\/promedicas.org.mx\/?page_id=643","title":{"rendered":"Reflexolog\u00eda Podal: Ciencia o Mito, \u00bfQu\u00e9 Dice la Evidencia?"},"content":{"rendered":"\t\t<div data-elementor-type=\"wp-page\" data-elementor-id=\"643\" class=\"elementor elementor-643\">\n\t\t\t\t<div class=\"elementor-element elementor-element-4918c1c e-flex e-con-boxed e-con e-parent\" data-id=\"4918c1c\" data-element_type=\"container\" data-e-type=\"container\">\n\t\t\t\t\t<div class=\"e-con-inner\">\n\t\t\t\t<div class=\"elementor-element elementor-element-8e90b03 elementor-widget elementor-widget-heading\" data-id=\"8e90b03\" data-element_type=\"widget\" data-e-type=\"widget\" data-widget_type=\"heading.default\">\n\t\t\t\t<div class=\"elementor-widget-container\">\n\t\t\t\t\t<h2 class=\"elementor-heading-title elementor-size-default\">Reflexolog\u00eda Podal: Ciencia o Mito, \u00bfQu\u00e9 Dice la Evidencia?<\/h2>\t\t\t\t<\/div>\n\t\t\t\t<\/div>\n\t\t\t\t\t<\/div>\n\t\t\t\t<\/div>\n\t\t<div class=\"elementor-element elementor-element-f5c4c67 e-flex e-con-boxed e-con e-parent\" data-id=\"f5c4c67\" data-element_type=\"container\" data-e-type=\"container\">\n\t\t\t\t\t<div class=\"e-con-inner\">\n\t\t\t\t<div class=\"elementor-element elementor-element-594216c elementor-widget elementor-widget-text-editor\" data-id=\"594216c\" data-element_type=\"widget\" data-e-type=\"widget\" data-widget_type=\"text-editor.default\">\n\t\t\t\t<div class=\"elementor-widget-container\">\n\t\t\t\t\t\t\t\t\t<p style=\"text-align: justify;\">A medida que la reflexolog\u00eda podal gana terreno en el campo de las terapias alternativas, la pregunta persiste: \u00bfEs realmente efectiva o es solo un placebo? En este art\u00edculo, profundizaremos en los estudios cient\u00edficos que han examinado los efectos de la reflexolog\u00eda podal y discutiremos si esta t\u00e9cnica tiene un respaldo real o si sus beneficios se deben a la sugesti\u00f3n psicol\u00f3gica.<\/p>\t\t\t\t\t\t\t\t<\/div>\n\t\t\t\t<\/div>\n\t\t\t\t\t<\/div>\n\t\t\t\t<\/div>\n\t\t<div class=\"elementor-element elementor-element-b43de33 e-flex e-con-boxed e-con e-parent\" data-id=\"b43de33\" data-element_type=\"container\" data-e-type=\"container\">\n\t\t\t\t\t<div class=\"e-con-inner\">\n\t\t<div class=\"elementor-element elementor-element-24f8727 e-con-full e-flex e-con e-child\" data-id=\"24f8727\" data-element_type=\"container\" data-e-type=\"container\">\n\t\t\t\t<div class=\"elementor-element elementor-element-49893c7 elementor-widget elementor-widget-text-editor\" data-id=\"49893c7\" data-element_type=\"widget\" data-e-type=\"widget\" data-widget_type=\"text-editor.default\">\n\t\t\t\t<div class=\"elementor-widget-container\">\n\t\t\t\t\t\t\t\t\t<p><strong>El Principio de la Reflexolog\u00eda Podal<\/strong><\/p><p>\u00a0<\/p><p style=\"text-align: justify;\">La reflexolog\u00eda se basa en la teor\u00eda de que ciertas \u00e1reas de los pies est\u00e1n conectadas con diferentes \u00f3rganos y sistemas del cuerpo. Al aplicar presi\u00f3n en puntos espec\u00edficos, los terapeutas pueden estimular estos sistemas y mejorar su funcionamiento. Esta t\u00e9cnica tambi\u00e9n promueve la idea de que el cuerpo tiene una capacidad inherente para sanar cuando est\u00e1 en equilibrio.<\/p>\t\t\t\t\t\t\t\t<\/div>\n\t\t\t\t<\/div>\n\t\t\t\t<\/div>\n\t\t<div class=\"elementor-element elementor-element-bdbb9a5 e-con-full e-flex e-con e-child\" data-id=\"bdbb9a5\" data-element_type=\"container\" data-e-type=\"container\">\n\t\t\t\t<div class=\"elementor-element elementor-element-d6bfc14 elementor-widget elementor-widget-image\" data-id=\"d6bfc14\" data-element_type=\"widget\" data-e-type=\"widget\" data-widget_type=\"image.default\">\n\t\t\t\t<div class=\"elementor-widget-container\">\n\t\t\t\t\t\t\t\t\t\t\t\t\t\t\t<img decoding=\"async\" src=\"https:\/\/promedicas.org.mx\/wp-content\/uploads\/2024\/09\/physical-therapy-2133286-scaled.jpg\" title=\"physical-therapy-2133286\" alt=\"physical-therapy-2133286\" loading=\"lazy\" \/>\t\t\t\t\t\t\t\t\t\t\t\t\t\t\t<\/div>\n\t\t\t\t<\/div>\n\t\t\t\t<\/div>\n\t\t\t\t\t<\/div>\n\t\t\t\t<\/div>\n\t\t<div class=\"elementor-element elementor-element-3b379cd e-flex e-con-boxed e-con e-parent\" data-id=\"3b379cd\" data-element_type=\"container\" data-e-type=\"container\">\n\t\t\t\t\t<div class=\"e-con-inner\">\n\t\t<div class=\"elementor-element elementor-element-6f9e753 e-con-full e-flex e-con e-child\" data-id=\"6f9e753\" data-element_type=\"container\" data-e-type=\"container\">\n\t\t\t\t<div class=\"elementor-element elementor-element-d09f77f elementor-widget elementor-widget-text-editor\" data-id=\"d09f77f\" data-element_type=\"widget\" data-e-type=\"widget\" data-widget_type=\"text-editor.default\">\n\t\t\t\t<div class=\"elementor-widget-container\">\n\t\t\t\t\t\t\t\t\t<p><strong>Evidencia Cient\u00edfica: Lo Que Sabemos Hasta Ahora<\/strong><\/p><ol><li style=\"text-align: justify;\"><strong>Dolor Cr\u00f3nico y Reflexolog\u00eda<\/strong>: Un estudio publicado en <em>The Journal of Pain and Symptom Management<\/em> encontr\u00f3 que la reflexolog\u00eda podal ayud\u00f3 a reducir el dolor y mejorar la calidad de vida en pacientes con c\u00e1ncer. Estos pacientes experimentaron una disminuci\u00f3n notable en sus s\u00edntomas tras varias sesiones de reflexolog\u00eda, lo que sugiere que esta t\u00e9cnica puede ser \u00fatil para el manejo del dolor cr\u00f3nico.<\/li><li style=\"text-align: justify;\"><strong>Estr\u00e9s y Ansiedad<\/strong>: La reflexolog\u00eda tambi\u00e9n ha mostrado ser eficaz para reducir los niveles de ansiedad, especialmente en pacientes que enfrentan situaciones de estr\u00e9s agudo, como intervenciones quir\u00fargicas o tratamientos invasivos. Un estudio en el <em>Journal of Clinical Nursing<\/em> concluy\u00f3 que la reflexolog\u00eda tiene un efecto positivo en la reducci\u00f3n de la ansiedad preoperatoria.<\/li><li style=\"text-align: justify;\"><strong>El Papel del Placebo<\/strong>: Aunque algunos estudios han mostrado mejoras en los pacientes, otros sugieren que los resultados positivos podr\u00edan estar relacionados con el efecto placebo. Esto no significa que la reflexolog\u00eda no sea eficaz, sino que parte de sus beneficios podr\u00edan derivarse de la creencia del paciente en el tratamiento.<\/li><\/ol>\t\t\t\t\t\t\t\t<\/div>\n\t\t\t\t<\/div>\n\t\t\t\t<\/div>\n\t\t<div class=\"elementor-element elementor-element-1552fa8 e-con-full e-flex e-con e-child\" data-id=\"1552fa8\" data-element_type=\"container\" data-e-type=\"container\">\n\t\t\t\t<div class=\"elementor-element elementor-element-8ac54fc elementor-widget elementor-widget-image\" data-id=\"8ac54fc\" data-element_type=\"widget\" data-e-type=\"widget\" data-widget_type=\"image.default\">\n\t\t\t\t<div class=\"elementor-widget-container\">\n\t\t\t\t\t\t\t\t\t\t\t\t\t\t\t<img decoding=\"async\" src=\"https:\/\/promedicas.org.mx\/wp-content\/uploads\/2024\/09\/pexels-stephanie-allen-2464226-4085446-scaled.jpg\" title=\"pexels-stephanie-allen-2464226-4085446\" alt=\"pexels-stephanie-allen-2464226-4085446\" loading=\"lazy\" \/>\t\t\t\t\t\t\t\t\t\t\t\t\t\t\t<\/div>\n\t\t\t\t<\/div>\n\t\t\t\t<\/div>\n\t\t\t\t\t<\/div>\n\t\t\t\t<\/div>\n\t\t<div class=\"elementor-element elementor-element-2fc166a e-flex e-con-boxed e-con e-parent\" data-id=\"2fc166a\" data-element_type=\"container\" data-e-type=\"container\">\n\t\t\t\t\t<div class=\"e-con-inner\">\n\t\t<div class=\"elementor-element elementor-element-046531f e-con-full e-flex e-con e-child\" data-id=\"046531f\" data-element_type=\"container\" data-e-type=\"container\">\n\t\t\t\t<div class=\"elementor-element elementor-element-e30e2a3 elementor-widget elementor-widget-image\" data-id=\"e30e2a3\" data-element_type=\"widget\" data-e-type=\"widget\" data-widget_type=\"image.default\">\n\t\t\t\t<div class=\"elementor-widget-container\">\n\t\t\t\t\t\t\t\t\t\t\t\t\t\t\t<img decoding=\"async\" src=\"https:\/\/promedicas.org.mx\/wp-content\/uploads\/2024\/09\/pexels-funkcines-terapijos-centras-927573878-20860625-scaled.jpg\" title=\"pexels-funkcines-terapijos-centras-927573878-20860625\" alt=\"pexels-funkcines-terapijos-centras-927573878-20860625\" loading=\"lazy\" \/>\t\t\t\t\t\t\t\t\t\t\t\t\t\t\t<\/div>\n\t\t\t\t<\/div>\n\t\t\t\t<\/div>\n\t\t<div class=\"elementor-element elementor-element-24fc2a1 e-con-full e-flex e-con e-child\" data-id=\"24fc2a1\" data-element_type=\"container\" data-e-type=\"container\">\n\t\t\t\t<div class=\"elementor-element elementor-element-7b9d388 elementor-widget elementor-widget-text-editor\" data-id=\"7b9d388\" data-element_type=\"widget\" data-e-type=\"widget\" data-widget_type=\"text-editor.default\">\n\t\t\t\t<div class=\"elementor-widget-container\">\n\t\t\t\t\t\t\t\t\t<p><strong>Reflexolog\u00eda en la Pr\u00e1ctica Cl\u00ednica<\/strong><\/p><p>\u00a0<\/p><p style=\"text-align: justify;\">Aunque la investigaci\u00f3n cient\u00edfica a\u00fan est\u00e1 en desarrollo, muchos terapeutas y profesionales de la salud contin\u00faan usando la reflexolog\u00eda como parte de un enfoque integral para tratar a sus pacientes. Al considerar al cuerpo como un todo interconectado, la reflexolog\u00eda ofrece una forma de abordar desequilibrios f\u00edsicos y emocionales que pueden no ser tratados eficazmente con medicina convencional.<\/p>\t\t\t\t\t\t\t\t<\/div>\n\t\t\t\t<\/div>\n\t\t\t\t<\/div>\n\t\t\t\t\t<\/div>\n\t\t\t\t<\/div>\n\t\t<div class=\"elementor-element elementor-element-d8173f6 e-flex e-con-boxed e-con e-parent\" data-id=\"d8173f6\" data-element_type=\"container\" data-e-type=\"container\">\n\t\t\t\t\t<div class=\"e-con-inner\">\n\t\t\t\t<div class=\"elementor-element elementor-element-5aa963f elementor-widget elementor-widget-text-editor\" data-id=\"5aa963f\" data-element_type=\"widget\" data-e-type=\"widget\" data-widget_type=\"text-editor.default\">\n\t\t\t\t<div class=\"elementor-widget-container\">\n\t\t\t\t\t\t\t\t\t<p style=\"text-align: justify\n;\">La reflexolog\u00eda podal sigue siendo objeto de debate en la comunidad m\u00e9dica. Si bien algunos estudios respaldan sus beneficios, a\u00fan falta m\u00e1s investigaci\u00f3n para comprender plenamente sus mecanismos y eficacia. Sin embargo, para muchas personas, la reflexolog\u00eda ofrece un camino hacia el bienestar que, si se combina con tratamientos m\u00e9dicos convencionales, puede mejorar la calidad de vida de manera significativa.<\/p>\t\t\t\t\t\t\t\t<\/div>\n\t\t\t\t<\/div>\n\t\t\t\t\t<\/div>\n\t\t\t\t<\/div>\n\t\t<div class=\"elementor-element elementor-element-7be4d6f e-flex e-con-boxed e-con e-parent\" data-id=\"7be4d6f\" data-element_type=\"container\" data-e-type=\"container\">\n\t\t\t\t\t<div class=\"e-con-inner\">\n\t\t\t\t<div class=\"elementor-element elementor-element-71dbbb9 elementor-widget elementor-widget-text-editor\" data-id=\"71dbbb9\" data-element_type=\"widget\" data-e-type=\"widget\" data-widget_type=\"text-editor.default\">\n\t\t\t\t<div class=\"elementor-widget-container\">\n\t\t\t\t\t\t\t\t\t<p style=\"text-align: right;\">Viernes 20 de septiembre del 2024<\/p>\t\t\t\t\t\t\t\t<\/div>\n\t\t\t\t<\/div>\n\t\t\t\t\t<\/div>\n\t\t\t\t<\/div>\n\t\t<footer class=\"elementor-element elementor-element-36b71da e-con-full e-flex e-con e-parent\" data-id=\"36b71da\" data-element_type=\"container\" data-e-type=\"container\">\n\t\t<div class=\"elementor-element elementor-element-40e4515 e-con-full e-flex e-con e-child\" data-id=\"40e4515\" data-element_type=\"container\" data-e-type=\"container\">\n\t\t\t\t<div class=\"elementor-element elementor-element-8994b9f e-grid-align-tablet-right e-grid-align-mobile-center elementor-widget-mobile__width-inherit elementor-shape-circle elementor-grid-0 e-grid-align-center elementor-widget elementor-widget-social-icons\" data-id=\"8994b9f\" data-element_type=\"widget\" data-e-type=\"widget\" data-widget_type=\"social-icons.default\">\n\t\t\t\t<div class=\"elementor-widget-container\">\n\t\t\t\t\t\t\t<div class=\"elementor-social-icons-wrapper elementor-grid\" role=\"list\">\n\t\t\t\t\t\t\t<span class=\"elementor-grid-item\" role=\"listitem\">\n\t\t\t\t\t<a class=\"elementor-icon elementor-social-icon elementor-social-icon-facebook-f elementor-repeater-item-3f1b7ac\" href=\"https:\/\/www.facebook.com\/promedicas.mx\" target=\"_blank\">\n\t\t\t\t\t\t<span class=\"elementor-screen-only\">Facebook-f<\/span>\n\t\t\t\t\t\t<svg aria-hidden=\"true\" class=\"e-font-icon-svg e-fab-facebook-f\" viewBox=\"0 0 320 512\" xmlns=\"http:\/\/www.w3.org\/2000\/svg\"><path d=\"M279.14 288l14.22-92.66h-88.91v-60.13c0-25.35 12.42-50.06 52.24-50.06h40.42V6.26S260.43 0 225.36 0c-73.22 0-121.08 44.38-121.08 124.72v70.62H22.89V288h81.39v224h100.17V288z\"><\/path><\/svg>\t\t\t\t\t<\/a>\n\t\t\t\t<\/span>\n\t\t\t\t\t\t\t<span class=\"elementor-grid-item\" role=\"listitem\">\n\t\t\t\t\t<a class=\"elementor-icon elementor-social-icon elementor-social-icon-instagram elementor-repeater-item-828f132\" href=\"https:\/\/www.instagram.com\/promedicas\/\" target=\"_blank\">\n\t\t\t\t\t\t<span class=\"elementor-screen-only\">Instagram<\/span>\n\t\t\t\t\t\t<svg aria-hidden=\"true\" class=\"e-font-icon-svg e-fab-instagram\" viewBox=\"0 0 448 512\" xmlns=\"http:\/\/www.w3.org\/2000\/svg\"><path d=\"M224.1 141c-63.6 0-114.9 51.3-114.9 114.9s51.3 114.9 114.9 114.9S339 319.5 339 255.9 287.7 141 224.1 141zm0 189.6c-41.1 0-74.7-33.5-74.7-74.7s33.5-74.7 74.7-74.7 74.7 33.5 74.7 74.7-33.6 74.7-74.7 74.7zm146.4-194.3c0 14.9-12 26.8-26.8 26.8-14.9 0-26.8-12-26.8-26.8s12-26.8 26.8-26.8 26.8 12 26.8 26.8zm76.1 27.2c-1.7-35.9-9.9-67.7-36.2-93.9-26.2-26.2-58-34.4-93.9-36.2-37-2.1-147.9-2.1-184.9 0-35.8 1.7-67.6 9.9-93.9 36.1s-34.4 58-36.2 93.9c-2.1 37-2.1 147.9 0 184.9 1.7 35.9 9.9 67.7 36.2 93.9s58 34.4 93.9 36.2c37 2.1 147.9 2.1 184.9 0 35.9-1.7 67.7-9.9 93.9-36.2 26.2-26.2 34.4-58 36.2-93.9 2.1-37 2.1-147.8 0-184.8zM398.8 388c-7.8 19.6-22.9 34.7-42.6 42.6-29.5 11.7-99.5 9-132.1 9s-102.7 2.6-132.1-9c-19.6-7.8-34.7-22.9-42.6-42.6-11.7-29.5-9-99.5-9-132.1s-2.6-102.7 9-132.1c7.8-19.6 22.9-34.7 42.6-42.6 29.5-11.7 99.5-9 132.1-9s102.7-2.6 132.1 9c19.6 7.8 34.7 22.9 42.6 42.6 11.7 29.5 9 99.5 9 132.1s2.7 102.7-9 132.1z\"><\/path><\/svg>\t\t\t\t\t<\/a>\n\t\t\t\t<\/span>\n\t\t\t\t\t\t\t<span class=\"elementor-grid-item\" role=\"listitem\">\n\t\t\t\t\t<a class=\"elementor-icon elementor-social-icon elementor-social-icon- elementor-repeater-item-b8e202f\" href=\"https:\/\/www.tiktok.com\/@promedicasmx?lang=es\" target=\"_blank\">\n\t\t\t\t\t\t<span class=\"elementor-screen-only\"><\/span>\n\t\t\t\t\t\t\t\t\t\t\t<\/a>\n\t\t\t\t<\/span>\n\t\t\t\t\t<\/div>\n\t\t\t\t\t\t<\/div>\n\t\t\t\t<\/div>\n\t\t\t\t<\/div>\n\t\t\t\t<\/footer>\n\t\t\t\t<\/div>\n\t\t","protected":false},"excerpt":{"rendered":"<p>Reflexolog\u00eda Podal: Ciencia o Mito, \u00bfQu\u00e9 Dice la Evidencia? A medida que la reflexolog\u00eda podal gana terreno en el campo de las terapias alternativas, la pregunta persiste: \u00bfEs realmente efectiva o es solo un placebo? En este art\u00edculo, profundizaremos en los estudios cient\u00edficos que han examinado los efectos de la reflexolog\u00eda podal y discutiremos si [&hellip;]<\/p>\n","protected":false},"author":1,"featured_media":650,"parent":0,"menu_order":0,"comment_status":"closed","ping_status":"closed","template":"","meta":{"_eb_attr":"","footnotes":""},"class_list":["post-643","page","type-page","status-publish","has-post-thumbnail","hentry"],"yoast_head":"<!-- This site is optimized with the Yoast SEO plugin v27.5 - https:\/\/yoast.com\/product\/yoast-seo-wordpress\/ -->\n<title>Reflexolog\u00eda Podal: Ciencia o Mito, \u00bfQu\u00e9 Dice la Evidencia? - PROMEDICAS<\/title>\n<meta name=\"robots\" content=\"index, follow, max-snippet:-1, max-image-preview:large, max-video-preview:-1\" \/>\n<link rel=\"canonical\" href=\"https:\/\/promedicas.org.mx\/?page_id=643\" \/>\n<meta property=\"og:locale\" content=\"es_ES\" \/>\n<meta property=\"og:type\" content=\"article\" \/>\n<meta property=\"og:title\" content=\"Reflexolog\u00eda Podal: Ciencia o Mito, \u00bfQu\u00e9 Dice la Evidencia? - PROMEDICAS\" \/>\n<meta property=\"og:description\" content=\"Reflexolog\u00eda Podal: Ciencia o Mito, \u00bfQu\u00e9 Dice la Evidencia? A medida que la reflexolog\u00eda podal gana terreno en el campo de las terapias alternativas, la pregunta persiste: \u00bfEs realmente efectiva o es solo un placebo? En este art\u00edculo, profundizaremos en los estudios cient\u00edficos que han examinado los efectos de la reflexolog\u00eda podal y discutiremos si [&hellip;]\" \/>\n<meta property=\"og:url\" content=\"https:\/\/promedicas.org.mx\/?page_id=643\" \/>\n<meta property=\"og:site_name\" content=\"PROMEDICAS\" \/>\n<meta property=\"article:publisher\" content=\"https:\/\/www.facebook.com\/promedicas.mx\" \/>\n<meta property=\"article:modified_time\" content=\"2024-10-19T17:17:46+00:00\" \/>\n<meta property=\"og:image\" content=\"https:\/\/promedicas.org.mx\/wp-content\/uploads\/2024\/09\/pexels-funkcines-terapijos-centras-927573878-20860625-scaled.jpg\" \/>\n\t<meta property=\"og:image:width\" content=\"1707\" \/>\n\t<meta property=\"og:image:height\" content=\"2560\" \/>\n\t<meta property=\"og:image:type\" content=\"image\/jpeg\" \/>\n<meta name=\"twitter:card\" content=\"summary_large_image\" \/>\n<meta name=\"twitter:label1\" content=\"Tiempo de lectura\" \/>\n\t<meta name=\"twitter:data1\" content=\"3 minutos\" \/>\n<script type=\"application\/ld+json\" class=\"yoast-schema-graph\">{\"@context\":\"https:\\\/\\\/schema.org\",\"@graph\":[{\"@type\":\"WebPage\",\"@id\":\"https:\\\/\\\/promedicas.org.mx\\\/?page_id=643\",\"url\":\"https:\\\/\\\/promedicas.org.mx\\\/?page_id=643\",\"name\":\"Reflexolog\u00eda Podal: Ciencia o Mito, \u00bfQu\u00e9 Dice la Evidencia? - PROMEDICAS\",\"isPartOf\":{\"@id\":\"https:\\\/\\\/promedicas.org.mx\\\/#website\"},\"primaryImageOfPage\":{\"@id\":\"https:\\\/\\\/promedicas.org.mx\\\/?page_id=643#primaryimage\"},\"image\":{\"@id\":\"https:\\\/\\\/promedicas.org.mx\\\/?page_id=643#primaryimage\"},\"thumbnailUrl\":\"https:\\\/\\\/promedicas.org.mx\\\/wp-content\\\/uploads\\\/2024\\\/09\\\/pexels-funkcines-terapijos-centras-927573878-20860625-scaled.jpg\",\"datePublished\":\"2024-09-20T17:23:01+00:00\",\"dateModified\":\"2024-10-19T17:17:46+00:00\",\"breadcrumb\":{\"@id\":\"https:\\\/\\\/promedicas.org.mx\\\/?page_id=643#breadcrumb\"},\"inLanguage\":\"es\",\"potentialAction\":[{\"@type\":\"ReadAction\",\"target\":[\"https:\\\/\\\/promedicas.org.mx\\\/?page_id=643\"]}]},{\"@type\":\"ImageObject\",\"inLanguage\":\"es\",\"@id\":\"https:\\\/\\\/promedicas.org.mx\\\/?page_id=643#primaryimage\",\"url\":\"https:\\\/\\\/promedicas.org.mx\\\/wp-content\\\/uploads\\\/2024\\\/09\\\/pexels-funkcines-terapijos-centras-927573878-20860625-scaled.jpg\",\"contentUrl\":\"https:\\\/\\\/promedicas.org.mx\\\/wp-content\\\/uploads\\\/2024\\\/09\\\/pexels-funkcines-terapijos-centras-927573878-20860625-scaled.jpg\",\"width\":1707,\"height\":2560},{\"@type\":\"BreadcrumbList\",\"@id\":\"https:\\\/\\\/promedicas.org.mx\\\/?page_id=643#breadcrumb\",\"itemListElement\":[{\"@type\":\"ListItem\",\"position\":1,\"name\":\"Portada\",\"item\":\"https:\\\/\\\/promedicas.org.mx\\\/\"},{\"@type\":\"ListItem\",\"position\":2,\"name\":\"Reflexolog\u00eda Podal: Ciencia o Mito, \u00bfQu\u00e9 Dice la Evidencia?\"}]},{\"@type\":\"WebSite\",\"@id\":\"https:\\\/\\\/promedicas.org.mx\\\/#website\",\"url\":\"https:\\\/\\\/promedicas.org.mx\\\/\",\"name\":\"PROMEDICAS\",\"description\":\"soluci\u00f3n natural para tu salud\",\"publisher\":{\"@id\":\"https:\\\/\\\/promedicas.org.mx\\\/#organization\"},\"potentialAction\":[{\"@type\":\"SearchAction\",\"target\":{\"@type\":\"EntryPoint\",\"urlTemplate\":\"https:\\\/\\\/promedicas.org.mx\\\/?s={search_term_string}\"},\"query-input\":{\"@type\":\"PropertyValueSpecification\",\"valueRequired\":true,\"valueName\":\"search_term_string\"}}],\"inLanguage\":\"es\"},{\"@type\":\"Organization\",\"@id\":\"https:\\\/\\\/promedicas.org.mx\\\/#organization\",\"name\":\"Programa M\u00e9dico Coordinado de Asistencia a la Salud A.C.\",\"url\":\"https:\\\/\\\/promedicas.org.mx\\\/\",\"logo\":{\"@type\":\"ImageObject\",\"inLanguage\":\"es\",\"@id\":\"https:\\\/\\\/promedicas.org.mx\\\/#\\\/schema\\\/logo\\\/image\\\/\",\"url\":\"https:\\\/\\\/promedicas.org.mx\\\/wp-content\\\/uploads\\\/2025\\\/09\\\/cropped-cropped-promedicas-logo-encabezado-1.png\",\"contentUrl\":\"https:\\\/\\\/promedicas.org.mx\\\/wp-content\\\/uploads\\\/2025\\\/09\\\/cropped-cropped-promedicas-logo-encabezado-1.png\",\"width\":1048,\"height\":533,\"caption\":\"Programa M\u00e9dico Coordinado de Asistencia a la Salud A.C.\"},\"image\":{\"@id\":\"https:\\\/\\\/promedicas.org.mx\\\/#\\\/schema\\\/logo\\\/image\\\/\"},\"sameAs\":[\"https:\\\/\\\/www.facebook.com\\\/promedicas.mx\"]}]}<\/script>\n<!-- \/ Yoast SEO plugin. -->","yoast_head_json":{"title":"Reflexolog\u00eda Podal: Ciencia o Mito, \u00bfQu\u00e9 Dice la Evidencia? - PROMEDICAS","robots":{"index":"index","follow":"follow","max-snippet":"max-snippet:-1","max-image-preview":"max-image-preview:large","max-video-preview":"max-video-preview:-1"},"canonical":"https:\/\/promedicas.org.mx\/?page_id=643","og_locale":"es_ES","og_type":"article","og_title":"Reflexolog\u00eda Podal: Ciencia o Mito, \u00bfQu\u00e9 Dice la Evidencia? - PROMEDICAS","og_description":"Reflexolog\u00eda Podal: Ciencia o Mito, \u00bfQu\u00e9 Dice la Evidencia? A medida que la reflexolog\u00eda podal gana terreno en el campo de las terapias alternativas, la pregunta persiste: \u00bfEs realmente efectiva o es solo un placebo? En este art\u00edculo, profundizaremos en los estudios cient\u00edficos que han examinado los efectos de la reflexolog\u00eda podal y discutiremos si [&hellip;]","og_url":"https:\/\/promedicas.org.mx\/?page_id=643","og_site_name":"PROMEDICAS","article_publisher":"https:\/\/www.facebook.com\/promedicas.mx","article_modified_time":"2024-10-19T17:17:46+00:00","og_image":[{"width":1707,"height":2560,"url":"https:\/\/promedicas.org.mx\/wp-content\/uploads\/2024\/09\/pexels-funkcines-terapijos-centras-927573878-20860625-scaled.jpg","type":"image\/jpeg"}],"twitter_card":"summary_large_image","twitter_misc":{"Tiempo de lectura":"3 minutos"},"schema":{"@context":"https:\/\/schema.org","@graph":[{"@type":"WebPage","@id":"https:\/\/promedicas.org.mx\/?page_id=643","url":"https:\/\/promedicas.org.mx\/?page_id=643","name":"Reflexolog\u00eda Podal: Ciencia o Mito, \u00bfQu\u00e9 Dice la Evidencia? - PROMEDICAS","isPartOf":{"@id":"https:\/\/promedicas.org.mx\/#website"},"primaryImageOfPage":{"@id":"https:\/\/promedicas.org.mx\/?page_id=643#primaryimage"},"image":{"@id":"https:\/\/promedicas.org.mx\/?page_id=643#primaryimage"},"thumbnailUrl":"https:\/\/promedicas.org.mx\/wp-content\/uploads\/2024\/09\/pexels-funkcines-terapijos-centras-927573878-20860625-scaled.jpg","datePublished":"2024-09-20T17:23:01+00:00","dateModified":"2024-10-19T17:17:46+00:00","breadcrumb":{"@id":"https:\/\/promedicas.org.mx\/?page_id=643#breadcrumb"},"inLanguage":"es","potentialAction":[{"@type":"ReadAction","target":["https:\/\/promedicas.org.mx\/?page_id=643"]}]},{"@type":"ImageObject","inLanguage":"es","@id":"https:\/\/promedicas.org.mx\/?page_id=643#primaryimage","url":"https:\/\/promedicas.org.mx\/wp-content\/uploads\/2024\/09\/pexels-funkcines-terapijos-centras-927573878-20860625-scaled.jpg","contentUrl":"https:\/\/promedicas.org.mx\/wp-content\/uploads\/2024\/09\/pexels-funkcines-terapijos-centras-927573878-20860625-scaled.jpg","width":1707,"height":2560},{"@type":"BreadcrumbList","@id":"https:\/\/promedicas.org.mx\/?page_id=643#breadcrumb","itemListElement":[{"@type":"ListItem","position":1,"name":"Portada","item":"https:\/\/promedicas.org.mx\/"},{"@type":"ListItem","position":2,"name":"Reflexolog\u00eda Podal: Ciencia o Mito, \u00bfQu\u00e9 Dice la Evidencia?"}]},{"@type":"WebSite","@id":"https:\/\/promedicas.org.mx\/#website","url":"https:\/\/promedicas.org.mx\/","name":"PROMEDICAS","description":"soluci\u00f3n natural para tu salud","publisher":{"@id":"https:\/\/promedicas.org.mx\/#organization"},"potentialAction":[{"@type":"SearchAction","target":{"@type":"EntryPoint","urlTemplate":"https:\/\/promedicas.org.mx\/?s={search_term_string}"},"query-input":{"@type":"PropertyValueSpecification","valueRequired":true,"valueName":"search_term_string"}}],"inLanguage":"es"},{"@type":"Organization","@id":"https:\/\/promedicas.org.mx\/#organization","name":"Programa M\u00e9dico Coordinado de Asistencia a la Salud A.C.","url":"https:\/\/promedicas.org.mx\/","logo":{"@type":"ImageObject","inLanguage":"es","@id":"https:\/\/promedicas.org.mx\/#\/schema\/logo\/image\/","url":"https:\/\/promedicas.org.mx\/wp-content\/uploads\/2025\/09\/cropped-cropped-promedicas-logo-encabezado-1.png","contentUrl":"https:\/\/promedicas.org.mx\/wp-content\/uploads\/2025\/09\/cropped-cropped-promedicas-logo-encabezado-1.png","width":1048,"height":533,"caption":"Programa M\u00e9dico Coordinado de Asistencia a la Salud A.C."},"image":{"@id":"https:\/\/promedicas.org.mx\/#\/schema\/logo\/image\/"},"sameAs":["https:\/\/www.facebook.com\/promedicas.mx"]}]}},"_links":{"self":[{"href":"https:\/\/promedicas.org.mx\/index.php?rest_route=\/wp\/v2\/pages\/643","targetHints":{"allow":["GET"]}}],"collection":[{"href":"https:\/\/promedicas.org.mx\/index.php?rest_route=\/wp\/v2\/pages"}],"about":[{"href":"https:\/\/promedicas.org.mx\/index.php?rest_route=\/wp\/v2\/types\/page"}],"author":[{"embeddable":true,"href":"https:\/\/promedicas.org.mx\/index.php?rest_route=\/wp\/v2\/users\/1"}],"replies":[{"embeddable":true,"href":"https:\/\/promedicas.org.mx\/index.php?rest_route=%2Fwp%2Fv2%2Fcomments&post=643"}],"version-history":[{"count":16,"href":"https:\/\/promedicas.org.mx\/index.php?rest_route=\/wp\/v2\/pages\/643\/revisions"}],"predecessor-version":[{"id":984,"href":"https:\/\/promedicas.org.mx\/index.php?rest_route=\/wp\/v2\/pages\/643\/revisions\/984"}],"wp:featuredmedia":[{"embeddable":true,"href":"https:\/\/promedicas.org.mx\/index.php?rest_route=\/wp\/v2\/media\/650"}],"wp:attachment":[{"href":"https:\/\/promedicas.org.mx\/index.php?rest_route=%2Fwp%2Fv2%2Fmedia&parent=643"}],"curies":[{"name":"wp","href":"https:\/\/api.w.org\/{rel}","templated":true}]}}