{"id":1150,"date":"2025-01-16T21:23:35","date_gmt":"2025-01-16T21:23:35","guid":{"rendered":"https:\/\/promedicas.org.mx\/?page_id=1150"},"modified":"2026-04-18T23:40:53","modified_gmt":"2026-04-18T23:40:53","slug":"estandares-de-competencia","status":"publish","type":"page","link":"https:\/\/promedicas.org.mx\/?page_id=1150","title":{"rendered":"Est\u00e1ndares de competencia"},"content":{"rendered":"\t\t<div data-elementor-type=\"wp-page\" data-elementor-id=\"1150\" class=\"elementor elementor-1150\">\n\t\t\t\t<div class=\"elementor-element elementor-element-5355797 e-flex e-con-boxed e-con e-parent\" data-id=\"5355797\" data-element_type=\"container\" data-e-type=\"container\">\n\t\t\t\t\t<div class=\"e-con-inner\">\n\t\t\t\t<div class=\"elementor-element elementor-element-1af6f49 elementor-widget elementor-widget-heading\" data-id=\"1af6f49\" data-element_type=\"widget\" data-e-type=\"widget\" data-widget_type=\"heading.default\">\n\t\t\t\t<div class=\"elementor-widget-container\">\n\t\t\t\t\t<h2 class=\"elementor-heading-title elementor-size-default\">Certificaciones en Est\u00e1ndares de competencia SEP-CONOCER<\/h2>\t\t\t\t<\/div>\n\t\t\t\t<\/div>\n\t\t\t\t\t<\/div>\n\t\t\t\t<\/div>\n\t\t<div class=\"elementor-element elementor-element-73baed9 e-flex e-con-boxed e-con e-parent\" data-id=\"73baed9\" data-element_type=\"container\" data-e-type=\"container\">\n\t\t\t\t\t<div class=\"e-con-inner\">\n\t\t\t\t<div class=\"elementor-element elementor-element-93c9526 elementor-widget elementor-widget-text-editor\" data-id=\"93c9526\" data-element_type=\"widget\" data-e-type=\"widget\" data-widget_type=\"text-editor.default\">\n\t\t\t\t<div class=\"elementor-widget-container\">\n\t\t\t\t\t\t\t\t\t<p>Contamos con una amplia gama de certificaciones en Est\u00e1ndares de Competencia SEP-CONOCER en materia de salud, belleza, bienestar, servicios educativos \u00a1y muchas m\u00e1s!<\/p>\t\t\t\t\t\t\t\t<\/div>\n\t\t\t\t<\/div>\n\t\t\t\t\t<\/div>\n\t\t\t\t<\/div>\n\t\t<div class=\"elementor-element elementor-element-29006fe e-flex e-con-boxed e-con e-parent\" data-id=\"29006fe\" data-element_type=\"container\" data-e-type=\"container\">\n\t\t\t\t\t<div class=\"e-con-inner\">\n\t\t\t\t<div class=\"elementor-element elementor-element-993b7d1 elementor-widget elementor-widget-text-editor\" data-id=\"993b7d1\" data-element_type=\"widget\" data-e-type=\"widget\" data-widget_type=\"text-editor.default\">\n\t\t\t\t<div class=\"elementor-widget-container\">\n\t\t\t\t\t\t\t\t\t<table width=\"0\">\n<tbody>\n<tr>\n<td><strong><em>EC0010<\/em><\/strong><\/td>\n<td><strong>Prestaci\u00f3n de servicios est\u00e9ticos corporales<\/strong><\/td>\n<\/tr>\n<tr>\n<td><strong><em>EC0046<\/em><\/strong><\/td>\n<td><strong>Prestaci\u00f3n de servicios cosmetol\u00f3gicos faciales<\/strong><\/td>\n<\/tr>\n<tr>\n<td><strong><em>EC0052<\/em><\/strong><\/td>\n<td><strong>Pr\u00e1ctica de examen de refracci\u00f3n<\/strong><\/td>\n<\/tr>\n<tr>\n<td><strong><em>EC0072<\/em><\/strong><\/td>\n<td><strong>Atenci\u00f3n in situ al visitante durante recorridos tur\u00edsticos <\/strong><\/td>\n<\/tr>\n<tr>\n<td><strong><em>EC0076<\/em><\/strong><\/td>\n<td><strong>Evaluaci\u00f3n de la competencia de candidatos con base en Est\u00e1ndares de Competencia<\/strong><\/td>\n<\/tr>\n<tr>\n<td><strong><em>EC0186<\/em><\/strong><\/td>\n<td><strong>Gesti\u00f3n del Negocio Spa<\/strong><\/td>\n<\/tr>\n<tr>\n<td><strong><em>EC0204<\/em><\/strong><\/td>\n<td><strong>Ejecuci\u00f3n de sesiones de coaching<\/strong><\/td>\n<\/tr>\n<tr>\n<td><strong><em>EC0205<\/em><\/strong><\/td>\n<td><strong>Conducci\u00f3n de pr\u00e1ctica de yoga: nivel preparador b\u00e1sico<\/strong><\/td>\n<\/tr>\n<tr>\n<td><strong><em>EC0217.01<\/em><\/strong><\/td>\n<td><strong>Impartici\u00f3n de cursos de formaci\u00f3n del capital humano de manera presencial grupal<\/strong><\/td>\n<\/tr>\n<tr>\n<td><strong><em>EC0254<\/em><\/strong><\/td>\n<td><strong>Venta de productos y servicios v\u00eda telef\u00f3nica<\/strong><\/td>\n<\/tr>\n<tr>\n<td><strong><em>EC0301<\/em><\/strong><\/td>\n<td><strong>Dise\u00f1o de cursos de formaci\u00f3n del capital humano de manera presencial grupal, sus instrumentos de evaluaci\u00f3n y manuales del curso<\/strong><\/td>\n<\/tr>\n<tr>\n<td><strong><em>EC0366<\/em><\/strong><\/td>\n<td><strong>Desarrollo de cursos de formaci\u00f3n en l\u00ednea<\/strong><\/td>\n<\/tr>\n<tr>\n<td><strong><em>EC0385.01<\/em><\/strong><\/td>\n<td><strong>Prestaci\u00f3n de servicios incluyentes para personas con discapacidad\n<\/strong><\/td>\n<\/tr>\n<tr>\n<td><strong><em>EC0446<\/em><\/strong><\/td>\n<td><strong>Conducci\u00f3n de procesos de autoconocimiento profundo en el \u00e1mbito productivo<\/strong><\/td>\n<\/tr>\n<tr>\n<td><strong><em>EC0468<\/em><\/strong><\/td>\n<td><strong>Asistencia en farmacias para la dispensaci\u00f3n de medicamentos y dem\u00e1s insumos para la salud<\/strong><\/td>\n<\/tr>\n<tr>\n<td><strong><em>EC0475<\/em><\/strong><\/td>\n<td><strong>Estimulaci\u00f3n con actividades acu\u00e1ticas a ni\u00f1os y ni\u00f1as de uno a tres a\u00f1os once meses de edad<\/strong><\/td>\n<\/tr>\n<tr>\n<td><strong><em>EC0507<\/em><\/strong><\/td>\n<td><strong>Liderazgo para la autonom\u00eda de gesti\u00f3n en centros de trabajo\neducativos<\/strong><\/td>\n<\/tr>\n<tr>\n<td><strong><em>EC0573<\/em><\/strong><\/td>\n<td><strong>Prestaci\u00f3n de servicios de seguridad privada integral<\/strong><\/td>\n<\/tr>\n<tr>\n<td><strong><em>EC0574<\/em><\/strong><\/td>\n<td><strong>Supervisi\u00f3n de los servicios de seguridad privada<\/strong><\/td>\n<\/tr>\n<tr>\n<td><strong><em>EC0585<\/em><\/strong><\/td>\n<td><strong>Atenci\u00f3n de primeros auxilios a la persona afectada\/lesionada.<\/strong><\/td>\n<\/tr>\n<tr>\n<td><strong><em>EC0611<\/em><\/strong><\/td>\n<td><strong>Aplicaci\u00f3n de extensiones de pesta\u00f1as una a una<\/strong><\/td>\n<\/tr>\n<tr>\n<td><strong><em>EC0616<\/em><\/strong><\/td>\n<td><strong>Prestaci\u00f3n de servicios auxiliares de enfermer\u00eda en cuidados b\u00e1sicos y orientaci\u00f3n a personas en unidades de atenci\u00f3n m\u00e9dica<\/strong><\/td>\n<\/tr>\n<tr>\n<td><strong><em>EC0669<\/em><\/strong><\/td>\n<td><strong>Cuidado b\u00e1sico de la persona adulta mayor en domicilio.<\/strong><\/td>\n<\/tr>\n<tr>\n<td><strong><em>EC0715.01<\/em><\/strong><\/td>\n<td><strong>Aplicaci\u00f3n de micropigmentaci\u00f3n est\u00e9tica facial<\/strong><\/td>\n<\/tr>\n<tr>\n<td><strong><em>EC0783<\/em><\/strong><\/td>\n<td><strong>Asesor\u00eda en suplementaci\u00f3n alimenticia para la actividad f\u00edsica y el deporte<\/strong><\/td>\n<\/tr>\n<tr>\n<td><strong><em>EC0831<\/em><\/strong><\/td>\n<td><strong>Coordinaci\u00f3n de eventos<\/strong><\/td>\n<\/tr>\n<tr>\n<td><strong><em>EC0864<\/em><\/strong><\/td>\n<td><strong>Seguimiento a un programa de entrenamiento deportivo<\/strong><\/td>\n<\/tr>\n<tr>\n<td><strong><em>EC0870<\/em><\/strong><\/td>\n<td><strong>Aplicaci\u00f3n de masaje con t\u00e9cnica zapoteca<\/strong><\/td>\n<\/tr>\n<tr>\n<td><strong><em>EC0900<\/em><\/strong><\/td>\n<td><strong>Aplicaci\u00f3n de masaje hol\u00edstico<\/strong><\/td>\n<\/tr>\n<tr>\n<td><strong><em>EC0901<\/em><\/strong><\/td>\n<td><strong>Aplicaci\u00f3n de masaje sueco<\/strong><\/td>\n<\/tr>\n<tr>\n<td><strong><em>EC0902<\/em><\/strong><\/td>\n<td><strong>Aplicaci\u00f3n de masaje drenaje linf\u00e1tico manual<\/strong><\/td>\n<\/tr>\n<tr>\n<td><strong><em>EC0933<\/em><\/strong><\/td>\n<td><strong>Proporcionar asesor\u00eda para el bienestar integral, basado en nutrici\u00f3n natural y mejora de h\u00e1bitos<\/strong><\/td>\n<\/tr>\n<tr>\n<td><strong><em>EC1038<\/em><\/strong><\/td>\n<td><strong>Intervenci\u00f3n para la soluci\u00f3n de conflictos<\/strong><\/td>\n<\/tr>\n<tr>\n<td><strong><em>EC1048<\/em><\/strong><\/td>\n<td><strong>Aplicaci\u00f3n de masaje con piedras calientes<\/strong><\/td>\n<\/tr>\n<tr>\n<td><strong><em>EC1049<\/em><\/strong><\/td>\n<td><strong>Aplicaci\u00f3n de masaje de reflexoterapia podal<\/strong><\/td>\n<\/tr>\n<tr>\n<td><strong><em>EC1260<\/em><\/strong><\/td>\n<td><strong>Proporcionar asesor\u00eda para el uso de aceites esenciales<\/strong><\/td>\n<\/tr>\n<tr>\n<td><strong><em>EC1270<\/em><\/strong><\/td>\n<td><strong>Prestaci\u00f3n de servicios de estimulaci\u00f3n temprana individual y grupal en centros de atenci\u00f3n y desarrollo de ni\u00f1as y ni\u00f1os de cuarenta y tres d\u00edas a cuatro a\u00f1os de edad<\/strong><\/td>\n<\/tr>\n<tr>\n<td><strong><em>EC1347<\/em><\/strong><\/td>\n<td><strong>Aplicaci\u00f3n de Masaje Tuina<\/strong><\/td>\n<\/tr>\n<tr>\n<td><strong><em>EC1373<\/em><\/strong><\/td>\n<td><strong>Prestaci\u00f3n del servicio de Temazcalli con Xictli integrado<\/strong><\/td>\n<\/tr>\n<tr>\n<td><strong><em>EC1374<\/em><\/strong><\/td>\n<td><strong>Conciliaci\u00f3n para la soluci\u00f3n de conflictos en materia laboral individual<\/strong><\/td>\n<\/tr>\n<tr>\n<td><strong><em>EC1375<\/em><\/strong><\/td>\n<td><strong>Prestaci\u00f3n de servicios auxiliares en la contribuci\u00f3n tradicional y complementaria de la recuperaci\u00f3n de las condiciones f\u00edsicas y socioemocionales de las personas<\/strong><\/td>\n<\/tr>\n<tr>\n<td><strong><em>EC1376<\/em><\/strong><\/td>\n<td><strong>Prestaci\u00f3n del servicio de Lectura de Tonalamatl<\/strong><\/td>\n<\/tr>\n<tr>\n<td><strong><em>EC1377<\/em><\/strong><\/td>\n<td><strong>Prestaci\u00f3n del servicio de Temazcalli con Xictli al centro.<\/strong><\/td>\n<\/tr>\n<tr>\n<td><strong><em>EC1417<\/em><\/strong><\/td>\n<td><strong>Prestaci\u00f3n de servicio auxiliar de quiropodia<\/strong><\/td>\n<\/tr>\n<tr>\n<td><strong><em>EC1424<\/em><\/strong><\/td>\n<td><strong>Prestaci\u00f3n de servicios para la promoci\u00f3n alimentaria con base en los productos derivados de la milpa<\/strong><\/td>\n<\/tr>\n<tr>\n<td><strong><em>EC1427<\/em><\/strong><\/td>\n<td><strong>Conciliaci\u00f3n para la soluci\u00f3n de conflictos en materia laboral colectiva<\/strong><\/td>\n<\/tr>\n<tr>\n<td><strong><em>EC1472<\/em><\/strong><\/td>\n<td><strong>Aplicaci\u00f3n de masaje con p\u00faas de maguey<\/strong><\/td>\n<\/tr>\n<tr>\n<td><strong><em>EC1492<\/em><\/strong><\/td>\n<td><strong>Realizaci\u00f3n de RCP b\u00e1sico y uso de Desfibrilador Externo Autom\u00e1tico (DEA) para emergencia cardiaca en lugares p\u00fablicos<\/strong><\/td>\n<\/tr>\n<tr>\n<td><strong><em>EC1621<\/em><\/strong><\/td>\n<td><strong>Implementaci\u00f3n de estrategias de mercadotecnia en medios digitales<\/strong><\/td>\n<\/tr>\n<\/tbody>\n<\/table>\t\t\t\t\t\t\t\t<\/div>\n\t\t\t\t<\/div>\n\t\t\t\t\t<\/div>\n\t\t\t\t<\/div>\n\t\t<footer class=\"elementor-element elementor-element-17e2005 e-con-full e-flex e-con e-parent\" data-id=\"17e2005\" data-element_type=\"container\" data-e-type=\"container\">\n\t\t<div class=\"elementor-element elementor-element-226cf43 e-con-full e-flex e-con e-child\" data-id=\"226cf43\" data-element_type=\"container\" data-e-type=\"container\">\n\t\t\t\t<div class=\"elementor-element elementor-element-5031ecc e-grid-align-tablet-right e-grid-align-mobile-center elementor-widget-mobile__width-inherit elementor-shape-circle elementor-grid-0 e-grid-align-center elementor-widget elementor-widget-social-icons\" data-id=\"5031ecc\" data-element_type=\"widget\" data-e-type=\"widget\" data-widget_type=\"social-icons.default\">\n\t\t\t\t<div class=\"elementor-widget-container\">\n\t\t\t\t\t\t\t<div class=\"elementor-social-icons-wrapper elementor-grid\" role=\"list\">\n\t\t\t\t\t\t\t<span class=\"elementor-grid-item\" role=\"listitem\">\n\t\t\t\t\t<a class=\"elementor-icon elementor-social-icon elementor-social-icon-facebook-f elementor-repeater-item-3f1b7ac\" href=\"https:\/\/www.facebook.com\/promedicas.mx\" target=\"_blank\">\n\t\t\t\t\t\t<span class=\"elementor-screen-only\">Facebook-f<\/span>\n\t\t\t\t\t\t<svg aria-hidden=\"true\" class=\"e-font-icon-svg e-fab-facebook-f\" viewBox=\"0 0 320 512\" xmlns=\"http:\/\/www.w3.org\/2000\/svg\"><path d=\"M279.14 288l14.22-92.66h-88.91v-60.13c0-25.35 12.42-50.06 52.24-50.06h40.42V6.26S260.43 0 225.36 0c-73.22 0-121.08 44.38-121.08 124.72v70.62H22.89V288h81.39v224h100.17V288z\"><\/path><\/svg>\t\t\t\t\t<\/a>\n\t\t\t\t<\/span>\n\t\t\t\t\t\t\t<span class=\"elementor-grid-item\" role=\"listitem\">\n\t\t\t\t\t<a class=\"elementor-icon elementor-social-icon elementor-social-icon-instagram elementor-repeater-item-828f132\" href=\"https:\/\/www.instagram.com\/promedicas\/\" target=\"_blank\">\n\t\t\t\t\t\t<span class=\"elementor-screen-only\">Instagram<\/span>\n\t\t\t\t\t\t<svg aria-hidden=\"true\" class=\"e-font-icon-svg e-fab-instagram\" viewBox=\"0 0 448 512\" xmlns=\"http:\/\/www.w3.org\/2000\/svg\"><path d=\"M224.1 141c-63.6 0-114.9 51.3-114.9 114.9s51.3 114.9 114.9 114.9S339 319.5 339 255.9 287.7 141 224.1 141zm0 189.6c-41.1 0-74.7-33.5-74.7-74.7s33.5-74.7 74.7-74.7 74.7 33.5 74.7 74.7-33.6 74.7-74.7 74.7zm146.4-194.3c0 14.9-12 26.8-26.8 26.8-14.9 0-26.8-12-26.8-26.8s12-26.8 26.8-26.8 26.8 12 26.8 26.8zm76.1 27.2c-1.7-35.9-9.9-67.7-36.2-93.9-26.2-26.2-58-34.4-93.9-36.2-37-2.1-147.9-2.1-184.9 0-35.8 1.7-67.6 9.9-93.9 36.1s-34.4 58-36.2 93.9c-2.1 37-2.1 147.9 0 184.9 1.7 35.9 9.9 67.7 36.2 93.9s58 34.4 93.9 36.2c37 2.1 147.9 2.1 184.9 0 35.9-1.7 67.7-9.9 93.9-36.2 26.2-26.2 34.4-58 36.2-93.9 2.1-37 2.1-147.8 0-184.8zM398.8 388c-7.8 19.6-22.9 34.7-42.6 42.6-29.5 11.7-99.5 9-132.1 9s-102.7 2.6-132.1-9c-19.6-7.8-34.7-22.9-42.6-42.6-11.7-29.5-9-99.5-9-132.1s-2.6-102.7 9-132.1c7.8-19.6 22.9-34.7 42.6-42.6 29.5-11.7 99.5-9 132.1-9s102.7-2.6 132.1 9c19.6 7.8 34.7 22.9 42.6 42.6 11.7 29.5 9 99.5 9 132.1s2.7 102.7-9 132.1z\"><\/path><\/svg>\t\t\t\t\t<\/a>\n\t\t\t\t<\/span>\n\t\t\t\t\t\t\t<span class=\"elementor-grid-item\" role=\"listitem\">\n\t\t\t\t\t<a class=\"elementor-icon elementor-social-icon elementor-social-icon-whatsapp elementor-repeater-item-b8e202f\" href=\"https:\/\/www.tiktok.com\/@promedicas?lang=es\" target=\"_blank\">\n\t\t\t\t\t\t<span class=\"elementor-screen-only\">Whatsapp<\/span>\n\t\t\t\t\t\t<svg aria-hidden=\"true\" class=\"e-font-icon-svg e-fab-whatsapp\" viewBox=\"0 0 448 512\" xmlns=\"http:\/\/www.w3.org\/2000\/svg\"><path d=\"M380.9 97.1C339 55.1 283.2 32 223.9 32c-122.4 0-222 99.6-222 222 0 39.1 10.2 77.3 29.6 111L0 480l117.7-30.9c32.4 17.7 68.9 27 106.1 27h.1c122.3 0 224.1-99.6 224.1-222 0-59.3-25.2-115-67.1-157zm-157 341.6c-33.2 0-65.7-8.9-94-25.7l-6.7-4-69.8 18.3L72 359.2l-4.4-7c-18.5-29.4-28.2-63.3-28.2-98.2 0-101.7 82.8-184.5 184.6-184.5 49.3 0 95.6 19.2 130.4 54.1 34.8 34.9 56.2 81.2 56.1 130.5 0 101.8-84.9 184.6-186.6 184.6zm101.2-138.2c-5.5-2.8-32.8-16.2-37.9-18-5.1-1.9-8.8-2.8-12.5 2.8-3.7 5.6-14.3 18-17.6 21.8-3.2 3.7-6.5 4.2-12 1.4-32.6-16.3-54-29.1-75.5-66-5.7-9.8 5.7-9.1 16.3-30.3 1.8-3.7.9-6.9-.5-9.7-1.4-2.8-12.5-30.1-17.1-41.2-4.5-10.8-9.1-9.3-12.5-9.5-3.2-.2-6.9-.2-10.6-.2-3.7 0-9.7 1.4-14.8 6.9-5.1 5.6-19.4 19-19.4 46.3 0 27.3 19.9 53.7 22.6 57.4 2.8 3.7 39.1 59.7 94.8 83.8 35.2 15.2 49 16.5 66.6 13.9 10.7-1.6 32.8-13.4 37.4-26.4 4.6-13 4.6-24.1 3.2-26.4-1.3-2.5-5-3.9-10.5-6.6z\"><\/path><\/svg>\t\t\t\t\t<\/a>\n\t\t\t\t<\/span>\n\t\t\t\t\t<\/div>\n\t\t\t\t\t\t<\/div>\n\t\t\t\t<\/div>\n\t\t\t\t<\/div>\n\t\t\t\t<\/footer>\n\t\t\t\t<\/div>\n\t\t","protected":false},"excerpt":{"rendered":"<p>Certificaciones en Est\u00e1ndares de competencia SEP-CONOCER Contamos con una amplia gama de certificaciones en Est\u00e1ndares de Competencia SEP-CONOCER en materia de salud, belleza, bienestar, servicios educativos \u00a1y muchas m\u00e1s! EC0010 Prestaci\u00f3n de servicios est\u00e9ticos corporales EC0046 Prestaci\u00f3n de servicios cosmetol\u00f3gicos faciales EC0052 Pr\u00e1ctica de examen de refracci\u00f3n EC0072 Atenci\u00f3n in situ al visitante durante recorridos [&hellip;]<\/p>\n","protected":false},"author":1,"featured_media":0,"parent":0,"menu_order":0,"comment_status":"closed","ping_status":"closed","template":"","meta":{"_eb_attr":"","footnotes":""},"class_list":["post-1150","page","type-page","status-publish","hentry"],"yoast_head":"<!-- This site is optimized with the Yoast SEO plugin v27.5 - https:\/\/yoast.com\/product\/yoast-seo-wordpress\/ -->\n<title>Est\u00e1ndares de competencia - PROMEDICAS<\/title>\n<meta name=\"robots\" content=\"index, follow, max-snippet:-1, max-image-preview:large, max-video-preview:-1\" \/>\n<link rel=\"canonical\" href=\"https:\/\/promedicas.org.mx\/?page_id=1150\" \/>\n<meta property=\"og:locale\" content=\"es_ES\" \/>\n<meta property=\"og:type\" content=\"article\" \/>\n<meta property=\"og:title\" content=\"Est\u00e1ndares de competencia - PROMEDICAS\" \/>\n<meta property=\"og:description\" content=\"Certificaciones en Est\u00e1ndares de competencia SEP-CONOCER Contamos con una amplia gama de certificaciones en Est\u00e1ndares de Competencia SEP-CONOCER en materia de salud, belleza, bienestar, servicios educativos \u00a1y muchas m\u00e1s! EC0010 Prestaci\u00f3n de servicios est\u00e9ticos corporales EC0046 Prestaci\u00f3n de servicios cosmetol\u00f3gicos faciales EC0052 Pr\u00e1ctica de examen de refracci\u00f3n EC0072 Atenci\u00f3n in situ al visitante durante recorridos [&hellip;]\" \/>\n<meta property=\"og:url\" content=\"https:\/\/promedicas.org.mx\/?page_id=1150\" \/>\n<meta property=\"og:site_name\" content=\"PROMEDICAS\" \/>\n<meta property=\"article:publisher\" content=\"https:\/\/www.facebook.com\/promedicas.mx\" \/>\n<meta property=\"article:modified_time\" content=\"2026-04-18T23:40:53+00:00\" \/>\n<meta name=\"twitter:card\" content=\"summary_large_image\" \/>\n<meta name=\"twitter:label1\" content=\"Tiempo de lectura\" \/>\n\t<meta name=\"twitter:data1\" content=\"3 minutos\" \/>\n<script type=\"application\/ld+json\" class=\"yoast-schema-graph\">{\"@context\":\"https:\\\/\\\/schema.org\",\"@graph\":[{\"@type\":\"WebPage\",\"@id\":\"https:\\\/\\\/promedicas.org.mx\\\/?page_id=1150\",\"url\":\"https:\\\/\\\/promedicas.org.mx\\\/?page_id=1150\",\"name\":\"Est\u00e1ndares de competencia - PROMEDICAS\",\"isPartOf\":{\"@id\":\"https:\\\/\\\/promedicas.org.mx\\\/#website\"},\"datePublished\":\"2025-01-16T21:23:35+00:00\",\"dateModified\":\"2026-04-18T23:40:53+00:00\",\"breadcrumb\":{\"@id\":\"https:\\\/\\\/promedicas.org.mx\\\/?page_id=1150#breadcrumb\"},\"inLanguage\":\"es\",\"potentialAction\":[{\"@type\":\"ReadAction\",\"target\":[\"https:\\\/\\\/promedicas.org.mx\\\/?page_id=1150\"]}]},{\"@type\":\"BreadcrumbList\",\"@id\":\"https:\\\/\\\/promedicas.org.mx\\\/?page_id=1150#breadcrumb\",\"itemListElement\":[{\"@type\":\"ListItem\",\"position\":1,\"name\":\"Portada\",\"item\":\"https:\\\/\\\/promedicas.org.mx\\\/\"},{\"@type\":\"ListItem\",\"position\":2,\"name\":\"Est\u00e1ndares de competencia\"}]},{\"@type\":\"WebSite\",\"@id\":\"https:\\\/\\\/promedicas.org.mx\\\/#website\",\"url\":\"https:\\\/\\\/promedicas.org.mx\\\/\",\"name\":\"PROMEDICAS\",\"description\":\"soluci\u00f3n natural para tu salud\",\"publisher\":{\"@id\":\"https:\\\/\\\/promedicas.org.mx\\\/#organization\"},\"potentialAction\":[{\"@type\":\"SearchAction\",\"target\":{\"@type\":\"EntryPoint\",\"urlTemplate\":\"https:\\\/\\\/promedicas.org.mx\\\/?s={search_term_string}\"},\"query-input\":{\"@type\":\"PropertyValueSpecification\",\"valueRequired\":true,\"valueName\":\"search_term_string\"}}],\"inLanguage\":\"es\"},{\"@type\":\"Organization\",\"@id\":\"https:\\\/\\\/promedicas.org.mx\\\/#organization\",\"name\":\"Programa M\u00e9dico Coordinado de Asistencia a la Salud A.C.\",\"url\":\"https:\\\/\\\/promedicas.org.mx\\\/\",\"logo\":{\"@type\":\"ImageObject\",\"inLanguage\":\"es\",\"@id\":\"https:\\\/\\\/promedicas.org.mx\\\/#\\\/schema\\\/logo\\\/image\\\/\",\"url\":\"https:\\\/\\\/promedicas.org.mx\\\/wp-content\\\/uploads\\\/2025\\\/09\\\/cropped-cropped-promedicas-logo-encabezado-1.png\",\"contentUrl\":\"https:\\\/\\\/promedicas.org.mx\\\/wp-content\\\/uploads\\\/2025\\\/09\\\/cropped-cropped-promedicas-logo-encabezado-1.png\",\"width\":1048,\"height\":533,\"caption\":\"Programa M\u00e9dico Coordinado de Asistencia a la Salud A.C.\"},\"image\":{\"@id\":\"https:\\\/\\\/promedicas.org.mx\\\/#\\\/schema\\\/logo\\\/image\\\/\"},\"sameAs\":[\"https:\\\/\\\/www.facebook.com\\\/promedicas.mx\"]}]}<\/script>\n<!-- \/ Yoast SEO plugin. -->","yoast_head_json":{"title":"Est\u00e1ndares de competencia - PROMEDICAS","robots":{"index":"index","follow":"follow","max-snippet":"max-snippet:-1","max-image-preview":"max-image-preview:large","max-video-preview":"max-video-preview:-1"},"canonical":"https:\/\/promedicas.org.mx\/?page_id=1150","og_locale":"es_ES","og_type":"article","og_title":"Est\u00e1ndares de competencia - PROMEDICAS","og_description":"Certificaciones en Est\u00e1ndares de competencia SEP-CONOCER Contamos con una amplia gama de certificaciones en Est\u00e1ndares de Competencia SEP-CONOCER en materia de salud, belleza, bienestar, servicios educativos \u00a1y muchas m\u00e1s! EC0010 Prestaci\u00f3n de servicios est\u00e9ticos corporales EC0046 Prestaci\u00f3n de servicios cosmetol\u00f3gicos faciales EC0052 Pr\u00e1ctica de examen de refracci\u00f3n EC0072 Atenci\u00f3n in situ al visitante durante recorridos [&hellip;]","og_url":"https:\/\/promedicas.org.mx\/?page_id=1150","og_site_name":"PROMEDICAS","article_publisher":"https:\/\/www.facebook.com\/promedicas.mx","article_modified_time":"2026-04-18T23:40:53+00:00","twitter_card":"summary_large_image","twitter_misc":{"Tiempo de lectura":"3 minutos"},"schema":{"@context":"https:\/\/schema.org","@graph":[{"@type":"WebPage","@id":"https:\/\/promedicas.org.mx\/?page_id=1150","url":"https:\/\/promedicas.org.mx\/?page_id=1150","name":"Est\u00e1ndares de competencia - PROMEDICAS","isPartOf":{"@id":"https:\/\/promedicas.org.mx\/#website"},"datePublished":"2025-01-16T21:23:35+00:00","dateModified":"2026-04-18T23:40:53+00:00","breadcrumb":{"@id":"https:\/\/promedicas.org.mx\/?page_id=1150#breadcrumb"},"inLanguage":"es","potentialAction":[{"@type":"ReadAction","target":["https:\/\/promedicas.org.mx\/?page_id=1150"]}]},{"@type":"BreadcrumbList","@id":"https:\/\/promedicas.org.mx\/?page_id=1150#breadcrumb","itemListElement":[{"@type":"ListItem","position":1,"name":"Portada","item":"https:\/\/promedicas.org.mx\/"},{"@type":"ListItem","position":2,"name":"Est\u00e1ndares de competencia"}]},{"@type":"WebSite","@id":"https:\/\/promedicas.org.mx\/#website","url":"https:\/\/promedicas.org.mx\/","name":"PROMEDICAS","description":"soluci\u00f3n natural para tu salud","publisher":{"@id":"https:\/\/promedicas.org.mx\/#organization"},"potentialAction":[{"@type":"SearchAction","target":{"@type":"EntryPoint","urlTemplate":"https:\/\/promedicas.org.mx\/?s={search_term_string}"},"query-input":{"@type":"PropertyValueSpecification","valueRequired":true,"valueName":"search_term_string"}}],"inLanguage":"es"},{"@type":"Organization","@id":"https:\/\/promedicas.org.mx\/#organization","name":"Programa M\u00e9dico Coordinado de Asistencia a la Salud A.C.","url":"https:\/\/promedicas.org.mx\/","logo":{"@type":"ImageObject","inLanguage":"es","@id":"https:\/\/promedicas.org.mx\/#\/schema\/logo\/image\/","url":"https:\/\/promedicas.org.mx\/wp-content\/uploads\/2025\/09\/cropped-cropped-promedicas-logo-encabezado-1.png","contentUrl":"https:\/\/promedicas.org.mx\/wp-content\/uploads\/2025\/09\/cropped-cropped-promedicas-logo-encabezado-1.png","width":1048,"height":533,"caption":"Programa M\u00e9dico Coordinado de Asistencia a la Salud A.C."},"image":{"@id":"https:\/\/promedicas.org.mx\/#\/schema\/logo\/image\/"},"sameAs":["https:\/\/www.facebook.com\/promedicas.mx"]}]}},"_links":{"self":[{"href":"https:\/\/promedicas.org.mx\/index.php?rest_route=\/wp\/v2\/pages\/1150","targetHints":{"allow":["GET"]}}],"collection":[{"href":"https:\/\/promedicas.org.mx\/index.php?rest_route=\/wp\/v2\/pages"}],"about":[{"href":"https:\/\/promedicas.org.mx\/index.php?rest_route=\/wp\/v2\/types\/page"}],"author":[{"embeddable":true,"href":"https:\/\/promedicas.org.mx\/index.php?rest_route=\/wp\/v2\/users\/1"}],"replies":[{"embeddable":true,"href":"https:\/\/promedicas.org.mx\/index.php?rest_route=%2Fwp%2Fv2%2Fcomments&post=1150"}],"version-history":[{"count":19,"href":"https:\/\/promedicas.org.mx\/index.php?rest_route=\/wp\/v2\/pages\/1150\/revisions"}],"predecessor-version":[{"id":1520,"href":"https:\/\/promedicas.org.mx\/index.php?rest_route=\/wp\/v2\/pages\/1150\/revisions\/1520"}],"wp:attachment":[{"href":"https:\/\/promedicas.org.mx\/index.php?rest_route=%2Fwp%2Fv2%2Fmedia&parent=1150"}],"curies":[{"name":"wp","href":"https:\/\/api.w.org\/{rel}","templated":true}]}}